{"id":5103,"date":"2016-03-09T20:06:50","date_gmt":"2016-03-09T19:06:50","guid":{"rendered":"https:\/\/katkaesk.com\/?page_id=5103"},"modified":"2023-02-22T16:50:21","modified_gmt":"2023-02-22T15:50:21","slug":"ueberblick","status":"publish","type":"page","link":"https:\/\/katkaesk.com\/index.php\/ueberblick\/","title":{"rendered":"Literatur"},"content":{"rendered":"\n<pre class=\"wp-block-preformatted has-medium-font-size\">Wof\u00fcr steht \"katkaesk\" eigentlich? katkaesk ist ein Blog, der seit 2011 besteht.<\/pre>\n\n\n\n<pre class=\"wp-block-preformatted has-medium-font-size\">Zun\u00e4chst als Lyrikblog gestartet, entwickelte sich der Blog in Richtung literarisches Portfolio, das von guten B\u00fcchern berichten m\u00f6chte und Geschichten enth\u00e4lt, die zu schade sind blo\u00df in einem Notizbuch zu stehen. katkaesk ist ein Literaturblog, der erz\u00e4hlen mag - von der kleinen Welt genauso wie von der gro\u00dfen Welt - aber niemals laut.<\/pre>\n\n\n\n<figure class=\"wp-block-image size-full\"><img data-recalc-dims=\"1\" loading=\"lazy\" decoding=\"async\" width=\"887\" height=\"341\" data-attachment-id=\"6991\" data-permalink=\"https:\/\/katkaesk.com\/cropped-bildschirmfoto-2018-01-29-um-19-55-52-e1517252915981-png\/\" data-orig-file=\"https:\/\/i0.wp.com\/katkaesk.com\/wp-content\/uploads\/2018\/01\/cropped-Bildschirmfoto-2018-01-29-um-19.55.52-e1517252915981.png?fit=887%2C341&amp;ssl=1\" data-orig-size=\"887,341\" data-comments-opened=\"1\" data-image-meta=\"{&quot;aperture&quot;:&quot;0&quot;,&quot;credit&quot;:&quot;&quot;,&quot;camera&quot;:&quot;&quot;,&quot;caption&quot;:&quot;&quot;,&quot;created_timestamp&quot;:&quot;0&quot;,&quot;copyright&quot;:&quot;&quot;,&quot;focal_length&quot;:&quot;0&quot;,&quot;iso&quot;:&quot;0&quot;,&quot;shutter_speed&quot;:&quot;0&quot;,&quot;title&quot;:&quot;&quot;,&quot;orientation&quot;:&quot;0&quot;}\" data-image-title=\"cropped-Bildschirmfoto-2018-01-29-um-19.55.52-e1517252915981.png\" data-image-description=\"\" data-image-caption=\"\" data-large-file=\"https:\/\/i0.wp.com\/katkaesk.com\/wp-content\/uploads\/2018\/01\/cropped-Bildschirmfoto-2018-01-29-um-19.55.52-e1517252915981.png?fit=887%2C341&amp;ssl=1\" src=\"https:\/\/i0.wp.com\/katkaesk.com\/wp-content\/uploads\/2018\/01\/cropped-Bildschirmfoto-2018-01-29-um-19.55.52-e1517252915981.png?resize=887%2C341&#038;ssl=1\" alt=\"\" class=\"wp-image-6991\" srcset=\"https:\/\/i0.wp.com\/katkaesk.com\/wp-content\/uploads\/2018\/01\/cropped-Bildschirmfoto-2018-01-29-um-19.55.52-e1517252915981.png?w=887&amp;ssl=1 887w, https:\/\/i0.wp.com\/katkaesk.com\/wp-content\/uploads\/2018\/01\/cropped-Bildschirmfoto-2018-01-29-um-19.55.52-e1517252915981.png?resize=300%2C115&amp;ssl=1 300w, https:\/\/i0.wp.com\/katkaesk.com\/wp-content\/uploads\/2018\/01\/cropped-Bildschirmfoto-2018-01-29-um-19.55.52-e1517252915981.png?resize=768%2C295&amp;ssl=1 768w\" sizes=\"auto, (max-width: 887px) 100vw, 887px\" \/><\/figure>\n","protected":false},"excerpt":{"rendered":"<p>Wof\u00fcr steht &#8222;katkaesk&#8220; eigentlich? katkaesk ist ein Blog, der seit 2011 besteht. Zun\u00e4chst als Lyrikblog gestartet, entwickelte sich der Blog in Richtung literarisches Portfolio, das von guten B\u00fcchern berichten m\u00f6chte und Geschichten enth\u00e4lt, die zu schade sind blo\u00df in einem Notizbuch zu stehen. katkaesk ist ein Literaturblog, der erz\u00e4hlen mag &#8211; von der kleinen Welt [&hellip;]<\/p>\n","protected":false},"author":1,"featured_media":0,"parent":0,"menu_order":0,"comment_status":"closed","ping_status":"closed","template":"","meta":{"jetpack_post_was_ever_published":false,"footnotes":""},"class_list":["post-5103","page","type-page","status-publish","hentry"],"jetpack_shortlink":"https:\/\/wp.me\/P7jUiv-1kj","jetpack-related-posts":[],"jetpack_sharing_enabled":true,"_links":{"self":[{"href":"https:\/\/katkaesk.com\/index.php\/wp-json\/wp\/v2\/pages\/5103","targetHints":{"allow":["GET"]}}],"collection":[{"href":"https:\/\/katkaesk.com\/index.php\/wp-json\/wp\/v2\/pages"}],"about":[{"href":"https:\/\/katkaesk.com\/index.php\/wp-json\/wp\/v2\/types\/page"}],"author":[{"embeddable":true,"href":"https:\/\/katkaesk.com\/index.php\/wp-json\/wp\/v2\/users\/1"}],"replies":[{"embeddable":true,"href":"https:\/\/katkaesk.com\/index.php\/wp-json\/wp\/v2\/comments?post=5103"}],"version-history":[{"count":5,"href":"https:\/\/katkaesk.com\/index.php\/wp-json\/wp\/v2\/pages\/5103\/revisions"}],"predecessor-version":[{"id":8091,"href":"https:\/\/katkaesk.com\/index.php\/wp-json\/wp\/v2\/pages\/5103\/revisions\/8091"}],"wp:attachment":[{"href":"https:\/\/katkaesk.com\/index.php\/wp-json\/wp\/v2\/media?parent=5103"}],"curies":[{"name":"wp","href":"https:\/\/api.w.org\/{rel}","templated":true}]}}